{"id":85,"date":"2021-08-16T10:07:59","date_gmt":"2021-08-16T10:07:59","guid":{"rendered":"https:\/\/sportlife-lohfelden.com\/?page_id=85"},"modified":"2022-01-19T11:35:20","modified_gmt":"2022-01-19T11:35:20","slug":"dorn-breuss","status":"publish","type":"page","link":"https:\/\/sportlife-lohfelden.com\/?page_id=85","title":{"rendered":"Dorn-Breuss"},"content":{"rendered":"<p><span style=\"font-family: tahoma, arial, helvetica, sans-serif;\">Die Wirbels\u00e4ulentherapie nach Dorn, ist eine sanfte Methode, die zur Behandlung von<\/span><br \/>\n<span style=\"font-family: tahoma, arial, helvetica, sans-serif;\">Beschwerden des Bewegungsapparates zum Einsatz kommt. Der Therapeut bringt in der<\/span><br \/>\n<span style=\"font-family: tahoma, arial, helvetica, sans-serif;\">Therapiesitzung Wirbel und Gelenke mit sanften und einf\u00fchlsamen Bewegungen in ihre richtige<\/span><br \/>\n<span style=\"font-family: tahoma, arial, helvetica, sans-serif;\">Position zur\u00fcck.<\/span><\/p>\n<p><span style=\"font-family: tahoma, arial, helvetica, sans-serif;\">Eine wichtige Rolle bei der Dorn-Therapie spielt die Korrektur der Beinl\u00e4ngendifferenz. Deshalb<\/span><br \/>\n<span style=\"font-family: tahoma, arial, helvetica, sans-serif;\">\u00fcberpr\u00fcft der Therapeut zun\u00e4chst, ob beide Beine die gleiche L\u00e4nge aufweisen. Differenzen<\/span><br \/>\n<span style=\"font-family: tahoma, arial, helvetica, sans-serif;\">k\u00f6nnen die Stabilit\u00e4t und die Belastungsf\u00e4higkeit der Wirbels\u00e4ule negativ beeinflussen und v.a.<\/span><br \/>\n<span style=\"font-family: tahoma, arial, helvetica, sans-serif;\">zu Fehlbelastungen f\u00fchren. Zeigt sich ein Unterschied in den Beinl\u00e4ngen, kann an einem<\/span><br \/>\n<span style=\"font-family: tahoma, arial, helvetica, sans-serif;\">erworbenen Becken-Schiefstand liegen. Der wiederum kann in vielen F\u00e4llen mithilfe spezieller<\/span><br \/>\n<span style=\"font-family: tahoma, arial, helvetica, sans-serif;\">Griffe behoben werden.<\/span><\/p>\n<p><span style=\"font-family: tahoma, arial, helvetica, sans-serif;\">Anschlie\u00dfend werden alle Gelenke der Beine \u00fcberpr\u00fcft und falls n\u00f6tig eingerichtet.<\/span><br \/>\n<span style=\"font-family: tahoma, arial, helvetica, sans-serif;\">Die Korrektur der Gelenke und der Beinl\u00e4ngendifferenz findet in R\u00fcckenlage statt. Die folgende<\/span><br \/>\n<span style=\"font-family: tahoma, arial, helvetica, sans-serif;\">Behandlung erfolgt hingegen im Stehen. Der Therapeut tastet die Wirbels\u00e4ule vom Kreuz- und<\/span><br \/>\n<span style=\"font-family: tahoma, arial, helvetica, sans-serif;\">Stei\u00dfbein bis zur unteren Brustwirbels\u00e4ule ab und korrigiert m\u00f6gliche Fehlstellungen. Der<\/span><br \/>\n<span style=\"font-family: tahoma, arial, helvetica, sans-serif;\">Patient unterst\u00fctzt die Korrektur mit bestimmten Bewegungen, die der Therapeut anleitet.<\/span><br \/>\n<span style=\"font-family: tahoma, arial, helvetica, sans-serif;\">Die obere Brustwirbels\u00e4ule und die Halswirbels\u00e4ule werden auf \u00e4hnliche Weise im Sitzen<\/span><br \/>\n<span style=\"font-family: tahoma, arial, helvetica, sans-serif;\">behandelt.<\/span><\/p>\n<p><span style=\"font-family: tahoma, arial, helvetica, sans-serif;\">Erg\u00e4nzung zur Dorn-Therapie ist die Breu\u00df-Massage:<\/span><br \/>\n<span style=\"font-family: tahoma, arial, helvetica, sans-serif;\">Es handelt sich dabei um eine energetische Massage des R\u00fcckens mit \u00d6l. Ziel ist eine Streckung<\/span><br \/>\n<span style=\"font-family: tahoma, arial, helvetica, sans-serif;\">der Wirbels\u00e4ule, um den Bandscheiben der Wirbels\u00e4ule mehr Raum zu geben und so zu ihrer<\/span><br \/>\n<span style=\"font-family: tahoma, arial, helvetica, sans-serif;\">Regeneration beizutragen.<\/span><\/p>\n<p><span style=\"font-family: tahoma, arial, helvetica, sans-serif;\">Die Wirkungsweise der Dorn-Methode<\/span><br \/>\n<span style=\"font-family: tahoma, arial, helvetica, sans-serif;\">Die Dorn-Methode dient der sanften Behandlung von Wirbel- und Gelenkblockaden. Dabei kann<\/span><br \/>\n<span style=\"font-family: tahoma, arial, helvetica, sans-serif;\">sich die Therapie sowohl lokal in und um das Gelenk als auch regional und ganzheitlich<\/span><br \/>\n<span style=\"font-family: tahoma, arial, helvetica, sans-serif;\">auswirken. Der Therapeut nimmt Einfluss auf verschiedene Strukturen des<\/span><br \/>\n<span style=\"font-family: tahoma, arial, helvetica, sans-serif;\">Bewegungsapparates. Dazu geh\u00f6ren neben den Gelenken und den Wirbelk\u00f6rpern auch<\/span><br \/>\n<span style=\"font-family: tahoma, arial, helvetica, sans-serif;\">Gelenkknorpel, B\u00e4nder, Kapseln und die Faszien (Bindegewebe). Ebenso kann die Methode<\/span><br \/>\n<span style=\"font-family: tahoma, arial, helvetica, sans-serif;\">ausgleichend auf das Nervensystem wirken und das Energiesystem entsprechend der<\/span><br \/>\n<span style=\"font-family: tahoma, arial, helvetica, sans-serif;\">Meridianlehre (Lehre von den Energiebahnen im K\u00f6rper gem\u00e4\u00df der Traditionellen Chinesischen<\/span><br \/>\n<span style=\"font-family: tahoma, arial, helvetica, sans-serif;\">Medizin) positiv beeinflussen.<\/span><\/p>\n","protected":false},"excerpt":{"rendered":"<p>Die Wirbels\u00e4ulentherapie nach Dorn, ist eine sanfte Methode, die zur Behandlung von Beschwerden des Bewegungsapparates zum Einsatz kommt. Der Therapeut bringt in der Therapiesitzung Wirbel und Gelenke mit sanften und<\/p>\n<p><a href=\"https:\/\/sportlife-lohfelden.com\/?page_id=85\" class=\"more-link\">Continue Reading<span class=\"screen-reader-text\">Dorn-Breuss<\/span><\/a><\/p>\n","protected":false},"author":1,"featured_media":0,"parent":0,"menu_order":0,"comment_status":"closed","ping_status":"closed","template":"","meta":{"footnotes":""},"class_list":["post-85","page","type-page","status-publish","hentry"],"yoast_head":"<!-- This site is optimized with the Yoast SEO plugin v25.0 - https:\/\/yoast.com\/wordpress\/plugins\/seo\/ -->\n<title>Dorn-Breuss - Physiotherapie Lohfelden<\/title>\n<meta name=\"robots\" content=\"index, follow, max-snippet:-1, max-image-preview:large, max-video-preview:-1\" \/>\n<link rel=\"canonical\" href=\"https:\/\/sportlife-lohfelden.com\/?page_id=85\" \/>\n<meta property=\"og:locale\" content=\"de_DE\" \/>\n<meta property=\"og:type\" content=\"article\" \/>\n<meta property=\"og:title\" content=\"Dorn-Breuss - Physiotherapie Lohfelden\" \/>\n<meta property=\"og:description\" content=\"Die Wirbels\u00e4ulentherapie nach Dorn, ist eine sanfte Methode, die zur Behandlung von Beschwerden des Bewegungsapparates zum Einsatz kommt. Der Therapeut bringt in der Therapiesitzung Wirbel und Gelenke mit sanften undContinue ReadingDorn-Breuss\" \/>\n<meta property=\"og:url\" content=\"https:\/\/sportlife-lohfelden.com\/?page_id=85\" \/>\n<meta property=\"og:site_name\" content=\"Physiotherapie Lohfelden\" \/>\n<meta property=\"article:publisher\" content=\"https:\/\/www.facebook.com\/profile.php?id=100057308717295\" \/>\n<meta property=\"article:modified_time\" content=\"2022-01-19T11:35:20+00:00\" \/>\n<meta property=\"og:image\" content=\"https:\/\/sportlife-lohfelden.com\/wp-content\/uploads\/2020\/08\/cropped-logo.jpg\" \/>\n\t<meta property=\"og:image:width\" content=\"512\" \/>\n\t<meta property=\"og:image:height\" content=\"512\" \/>\n\t<meta property=\"og:image:type\" content=\"image\/jpeg\" \/>\n<meta name=\"twitter:card\" content=\"summary_large_image\" \/>\n<meta name=\"twitter:label1\" content=\"Gesch\u00e4tzte Lesezeit\" \/>\n\t<meta name=\"twitter:data1\" content=\"2\u00a0Minuten\" \/>\n<script type=\"application\/ld+json\" class=\"yoast-schema-graph\">{\"@context\":\"https:\/\/schema.org\",\"@graph\":[{\"@type\":\"WebPage\",\"@id\":\"https:\/\/sportlife-lohfelden.com\/?page_id=85\",\"url\":\"https:\/\/sportlife-lohfelden.com\/?page_id=85\",\"name\":\"Dorn-Breuss - Physiotherapie Lohfelden\",\"isPartOf\":{\"@id\":\"https:\/\/sportlife-lohfelden.com\/#website\"},\"datePublished\":\"2021-08-16T10:07:59+00:00\",\"dateModified\":\"2022-01-19T11:35:20+00:00\",\"breadcrumb\":{\"@id\":\"https:\/\/sportlife-lohfelden.com\/?page_id=85#breadcrumb\"},\"inLanguage\":\"de\",\"potentialAction\":[{\"@type\":\"ReadAction\",\"target\":[\"https:\/\/sportlife-lohfelden.com\/?page_id=85\"]}]},{\"@type\":\"BreadcrumbList\",\"@id\":\"https:\/\/sportlife-lohfelden.com\/?page_id=85#breadcrumb\",\"itemListElement\":[{\"@type\":\"ListItem\",\"position\":1,\"name\":\"Startseite\",\"item\":\"https:\/\/sportlife-lohfelden.com\/\"},{\"@type\":\"ListItem\",\"position\":2,\"name\":\"Dorn-Breuss\"}]},{\"@type\":\"WebSite\",\"@id\":\"https:\/\/sportlife-lohfelden.com\/#website\",\"url\":\"https:\/\/sportlife-lohfelden.com\/\",\"name\":\"Physiotherapie Lohfelden\",\"description\":\"\",\"potentialAction\":[{\"@type\":\"SearchAction\",\"target\":{\"@type\":\"EntryPoint\",\"urlTemplate\":\"https:\/\/sportlife-lohfelden.com\/?s={search_term_string}\"},\"query-input\":{\"@type\":\"PropertyValueSpecification\",\"valueRequired\":true,\"valueName\":\"search_term_string\"}}],\"inLanguage\":\"de\"}]}<\/script>\n<!-- \/ Yoast SEO plugin. -->","yoast_head_json":{"title":"Dorn-Breuss - Physiotherapie Lohfelden","robots":{"index":"index","follow":"follow","max-snippet":"max-snippet:-1","max-image-preview":"max-image-preview:large","max-video-preview":"max-video-preview:-1"},"canonical":"https:\/\/sportlife-lohfelden.com\/?page_id=85","og_locale":"de_DE","og_type":"article","og_title":"Dorn-Breuss - Physiotherapie Lohfelden","og_description":"Die Wirbels\u00e4ulentherapie nach Dorn, ist eine sanfte Methode, die zur Behandlung von Beschwerden des Bewegungsapparates zum Einsatz kommt. Der Therapeut bringt in der Therapiesitzung Wirbel und Gelenke mit sanften undContinue ReadingDorn-Breuss","og_url":"https:\/\/sportlife-lohfelden.com\/?page_id=85","og_site_name":"Physiotherapie Lohfelden","article_publisher":"https:\/\/www.facebook.com\/profile.php?id=100057308717295","article_modified_time":"2022-01-19T11:35:20+00:00","og_image":[{"width":512,"height":512,"url":"https:\/\/sportlife-lohfelden.com\/wp-content\/uploads\/2020\/08\/cropped-logo.jpg","type":"image\/jpeg"}],"twitter_card":"summary_large_image","twitter_misc":{"Gesch\u00e4tzte Lesezeit":"2\u00a0Minuten"},"schema":{"@context":"https:\/\/schema.org","@graph":[{"@type":"WebPage","@id":"https:\/\/sportlife-lohfelden.com\/?page_id=85","url":"https:\/\/sportlife-lohfelden.com\/?page_id=85","name":"Dorn-Breuss - Physiotherapie Lohfelden","isPartOf":{"@id":"https:\/\/sportlife-lohfelden.com\/#website"},"datePublished":"2021-08-16T10:07:59+00:00","dateModified":"2022-01-19T11:35:20+00:00","breadcrumb":{"@id":"https:\/\/sportlife-lohfelden.com\/?page_id=85#breadcrumb"},"inLanguage":"de","potentialAction":[{"@type":"ReadAction","target":["https:\/\/sportlife-lohfelden.com\/?page_id=85"]}]},{"@type":"BreadcrumbList","@id":"https:\/\/sportlife-lohfelden.com\/?page_id=85#breadcrumb","itemListElement":[{"@type":"ListItem","position":1,"name":"Startseite","item":"https:\/\/sportlife-lohfelden.com\/"},{"@type":"ListItem","position":2,"name":"Dorn-Breuss"}]},{"@type":"WebSite","@id":"https:\/\/sportlife-lohfelden.com\/#website","url":"https:\/\/sportlife-lohfelden.com\/","name":"Physiotherapie Lohfelden","description":"","potentialAction":[{"@type":"SearchAction","target":{"@type":"EntryPoint","urlTemplate":"https:\/\/sportlife-lohfelden.com\/?s={search_term_string}"},"query-input":{"@type":"PropertyValueSpecification","valueRequired":true,"valueName":"search_term_string"}}],"inLanguage":"de"}]}},"_links":{"self":[{"href":"https:\/\/sportlife-lohfelden.com\/index.php?rest_route=\/wp\/v2\/pages\/85","targetHints":{"allow":["GET"]}}],"collection":[{"href":"https:\/\/sportlife-lohfelden.com\/index.php?rest_route=\/wp\/v2\/pages"}],"about":[{"href":"https:\/\/sportlife-lohfelden.com\/index.php?rest_route=\/wp\/v2\/types\/page"}],"author":[{"embeddable":true,"href":"https:\/\/sportlife-lohfelden.com\/index.php?rest_route=\/wp\/v2\/users\/1"}],"replies":[{"embeddable":true,"href":"https:\/\/sportlife-lohfelden.com\/index.php?rest_route=%2Fwp%2Fv2%2Fcomments&post=85"}],"version-history":[{"count":2,"href":"https:\/\/sportlife-lohfelden.com\/index.php?rest_route=\/wp\/v2\/pages\/85\/revisions"}],"predecessor-version":[{"id":390,"href":"https:\/\/sportlife-lohfelden.com\/index.php?rest_route=\/wp\/v2\/pages\/85\/revisions\/390"}],"wp:attachment":[{"href":"https:\/\/sportlife-lohfelden.com\/index.php?rest_route=%2Fwp%2Fv2%2Fmedia&parent=85"}],"curies":[{"name":"wp","href":"https:\/\/api.w.org\/{rel}","templated":true}]}}