{"id":81,"date":"2021-08-16T10:08:16","date_gmt":"2021-08-16T10:08:16","guid":{"rendered":"https:\/\/sportlife-lohfelden.com\/?page_id=81"},"modified":"2022-01-23T13:39:34","modified_gmt":"2022-01-23T13:39:34","slug":"kinesio-sport-und-rocktraining","status":"publish","type":"page","link":"https:\/\/sportlife-lohfelden.com\/?page_id=81","title":{"rendered":"Kinesio- Sport- und Rock Taping"},"content":{"rendered":"<p><span style=\"font-size: 12pt;\"><strong><span style=\"font-family: tahoma, arial, helvetica, sans-serif;\">Kinesio-Tape<\/span><\/strong><\/span><\/p>\n<p><span style=\"font-family: tahoma, arial, helvetica, sans-serif;\">Das Kinesio-Tape auch Physio-Tape genannt, dient bei Verletzungen oder Entz\u00fcndungen von<\/span><br \/>\n<span style=\"font-family: tahoma, arial, helvetica, sans-serif;\">Muskeln, B\u00e4ndern oder Gelenken als Stabilisierung, ohne die Beweglichkeit einzuschr\u00e4nken. Es<\/span><br \/>\n<span style=\"font-family: tahoma, arial, helvetica, sans-serif;\">wird vor allem bei nach Sportverletzungen oder als Prophylaxe von Sportverletzungen gebraucht.<\/span><\/p>\n<p><strong><span style=\"font-family: tahoma, arial, helvetica, sans-serif;\">Rock-Tape<\/span><\/strong><br \/>\n<span style=\"font-family: tahoma, arial, helvetica, sans-serif;\">Das Rock-Tape, ist das Kinesio-Tape der Extraklasse. Es h\u00e4lt l\u00e4nger, ist mit 180% Dehnf\u00e4higkeit<\/span><br \/>\n<span style=\"font-family: tahoma, arial, helvetica, sans-serif;\">deutlich dehnf\u00e4higer und trotzdem wirkungsvoller bei der Stabilisation.<\/span><\/p>\n<p><strong><span style=\"font-family: tahoma, arial, helvetica, sans-serif;\">Klassisches Sport-Tape<\/span><\/strong><br \/>\n<span style=\"font-family: tahoma, arial, helvetica, sans-serif;\">Das Klassische Sport-Tape, dient zur passiven Stabilisation des Sprunggelenks. Sportler k\u00f6nnen<\/span><br \/>\n<span style=\"font-family: tahoma, arial, helvetica, sans-serif;\">mit dieser einfachen Methode trotz starker B\u00e4nderdehnung im Sprunggelenk ihrem Sport<\/span><br \/>\n<span style=\"font-family: tahoma, arial, helvetica, sans-serif;\">nachgehen.<\/span><\/p>\n","protected":false},"excerpt":{"rendered":"<p>Kinesio-Tape Das Kinesio-Tape auch Physio-Tape genannt, dient bei Verletzungen oder Entz\u00fcndungen von Muskeln, B\u00e4ndern oder Gelenken als Stabilisierung, ohne die Beweglichkeit einzuschr\u00e4nken. Es wird vor allem bei nach Sportverletzungen oder<\/p>\n<p><a href=\"https:\/\/sportlife-lohfelden.com\/?page_id=81\" class=\"more-link\">Continue Reading<span class=\"screen-reader-text\">Kinesio- Sport- und Rock Taping<\/span><\/a><\/p>\n","protected":false},"author":1,"featured_media":0,"parent":0,"menu_order":0,"comment_status":"closed","ping_status":"closed","template":"","meta":{"footnotes":""},"class_list":["post-81","page","type-page","status-publish","hentry"],"yoast_head":"<!-- This site is optimized with the Yoast SEO plugin v25.0 - https:\/\/yoast.com\/wordpress\/plugins\/seo\/ -->\n<title>Kinesio- Sport- und Rock Taping - Physiotherapie Lohfelden<\/title>\n<meta name=\"robots\" content=\"index, follow, max-snippet:-1, max-image-preview:large, max-video-preview:-1\" \/>\n<link rel=\"canonical\" href=\"https:\/\/sportlife-lohfelden.com\/?page_id=81\" \/>\n<meta property=\"og:locale\" content=\"de_DE\" \/>\n<meta property=\"og:type\" content=\"article\" \/>\n<meta property=\"og:title\" content=\"Kinesio- Sport- und Rock Taping - Physiotherapie Lohfelden\" \/>\n<meta property=\"og:description\" content=\"Kinesio-Tape Das Kinesio-Tape auch Physio-Tape genannt, dient bei Verletzungen oder Entz\u00fcndungen von Muskeln, B\u00e4ndern oder Gelenken als Stabilisierung, ohne die Beweglichkeit einzuschr\u00e4nken. Es wird vor allem bei nach Sportverletzungen oderContinue ReadingKinesio- Sport- und Rock Taping\" \/>\n<meta property=\"og:url\" content=\"https:\/\/sportlife-lohfelden.com\/?page_id=81\" \/>\n<meta property=\"og:site_name\" content=\"Physiotherapie Lohfelden\" \/>\n<meta property=\"article:publisher\" content=\"https:\/\/www.facebook.com\/profile.php?id=100057308717295\" \/>\n<meta property=\"article:modified_time\" content=\"2022-01-23T13:39:34+00:00\" \/>\n<meta property=\"og:image\" content=\"https:\/\/sportlife-lohfelden.com\/wp-content\/uploads\/2020\/08\/cropped-logo.jpg\" \/>\n\t<meta property=\"og:image:width\" content=\"512\" \/>\n\t<meta property=\"og:image:height\" content=\"512\" \/>\n\t<meta property=\"og:image:type\" content=\"image\/jpeg\" \/>\n<meta name=\"twitter:card\" content=\"summary_large_image\" \/>\n<script type=\"application\/ld+json\" class=\"yoast-schema-graph\">{\"@context\":\"https:\/\/schema.org\",\"@graph\":[{\"@type\":\"WebPage\",\"@id\":\"https:\/\/sportlife-lohfelden.com\/?page_id=81\",\"url\":\"https:\/\/sportlife-lohfelden.com\/?page_id=81\",\"name\":\"Kinesio- Sport- und Rock Taping - Physiotherapie Lohfelden\",\"isPartOf\":{\"@id\":\"https:\/\/sportlife-lohfelden.com\/#website\"},\"datePublished\":\"2021-08-16T10:08:16+00:00\",\"dateModified\":\"2022-01-23T13:39:34+00:00\",\"breadcrumb\":{\"@id\":\"https:\/\/sportlife-lohfelden.com\/?page_id=81#breadcrumb\"},\"inLanguage\":\"de\",\"potentialAction\":[{\"@type\":\"ReadAction\",\"target\":[\"https:\/\/sportlife-lohfelden.com\/?page_id=81\"]}]},{\"@type\":\"BreadcrumbList\",\"@id\":\"https:\/\/sportlife-lohfelden.com\/?page_id=81#breadcrumb\",\"itemListElement\":[{\"@type\":\"ListItem\",\"position\":1,\"name\":\"Startseite\",\"item\":\"https:\/\/sportlife-lohfelden.com\/\"},{\"@type\":\"ListItem\",\"position\":2,\"name\":\"Kinesio- Sport- und Rock Taping\"}]},{\"@type\":\"WebSite\",\"@id\":\"https:\/\/sportlife-lohfelden.com\/#website\",\"url\":\"https:\/\/sportlife-lohfelden.com\/\",\"name\":\"Physiotherapie Lohfelden\",\"description\":\"\",\"potentialAction\":[{\"@type\":\"SearchAction\",\"target\":{\"@type\":\"EntryPoint\",\"urlTemplate\":\"https:\/\/sportlife-lohfelden.com\/?s={search_term_string}\"},\"query-input\":{\"@type\":\"PropertyValueSpecification\",\"valueRequired\":true,\"valueName\":\"search_term_string\"}}],\"inLanguage\":\"de\"}]}<\/script>\n<!-- \/ Yoast SEO plugin. -->","yoast_head_json":{"title":"Kinesio- Sport- und Rock Taping - Physiotherapie Lohfelden","robots":{"index":"index","follow":"follow","max-snippet":"max-snippet:-1","max-image-preview":"max-image-preview:large","max-video-preview":"max-video-preview:-1"},"canonical":"https:\/\/sportlife-lohfelden.com\/?page_id=81","og_locale":"de_DE","og_type":"article","og_title":"Kinesio- Sport- und Rock Taping - Physiotherapie Lohfelden","og_description":"Kinesio-Tape Das Kinesio-Tape auch Physio-Tape genannt, dient bei Verletzungen oder Entz\u00fcndungen von Muskeln, B\u00e4ndern oder Gelenken als Stabilisierung, ohne die Beweglichkeit einzuschr\u00e4nken. Es wird vor allem bei nach Sportverletzungen oderContinue ReadingKinesio- Sport- und Rock Taping","og_url":"https:\/\/sportlife-lohfelden.com\/?page_id=81","og_site_name":"Physiotherapie Lohfelden","article_publisher":"https:\/\/www.facebook.com\/profile.php?id=100057308717295","article_modified_time":"2022-01-23T13:39:34+00:00","og_image":[{"width":512,"height":512,"url":"https:\/\/sportlife-lohfelden.com\/wp-content\/uploads\/2020\/08\/cropped-logo.jpg","type":"image\/jpeg"}],"twitter_card":"summary_large_image","schema":{"@context":"https:\/\/schema.org","@graph":[{"@type":"WebPage","@id":"https:\/\/sportlife-lohfelden.com\/?page_id=81","url":"https:\/\/sportlife-lohfelden.com\/?page_id=81","name":"Kinesio- Sport- und Rock Taping - Physiotherapie Lohfelden","isPartOf":{"@id":"https:\/\/sportlife-lohfelden.com\/#website"},"datePublished":"2021-08-16T10:08:16+00:00","dateModified":"2022-01-23T13:39:34+00:00","breadcrumb":{"@id":"https:\/\/sportlife-lohfelden.com\/?page_id=81#breadcrumb"},"inLanguage":"de","potentialAction":[{"@type":"ReadAction","target":["https:\/\/sportlife-lohfelden.com\/?page_id=81"]}]},{"@type":"BreadcrumbList","@id":"https:\/\/sportlife-lohfelden.com\/?page_id=81#breadcrumb","itemListElement":[{"@type":"ListItem","position":1,"name":"Startseite","item":"https:\/\/sportlife-lohfelden.com\/"},{"@type":"ListItem","position":2,"name":"Kinesio- Sport- und Rock Taping"}]},{"@type":"WebSite","@id":"https:\/\/sportlife-lohfelden.com\/#website","url":"https:\/\/sportlife-lohfelden.com\/","name":"Physiotherapie Lohfelden","description":"","potentialAction":[{"@type":"SearchAction","target":{"@type":"EntryPoint","urlTemplate":"https:\/\/sportlife-lohfelden.com\/?s={search_term_string}"},"query-input":{"@type":"PropertyValueSpecification","valueRequired":true,"valueName":"search_term_string"}}],"inLanguage":"de"}]}},"_links":{"self":[{"href":"https:\/\/sportlife-lohfelden.com\/index.php?rest_route=\/wp\/v2\/pages\/81","targetHints":{"allow":["GET"]}}],"collection":[{"href":"https:\/\/sportlife-lohfelden.com\/index.php?rest_route=\/wp\/v2\/pages"}],"about":[{"href":"https:\/\/sportlife-lohfelden.com\/index.php?rest_route=\/wp\/v2\/types\/page"}],"author":[{"embeddable":true,"href":"https:\/\/sportlife-lohfelden.com\/index.php?rest_route=\/wp\/v2\/users\/1"}],"replies":[{"embeddable":true,"href":"https:\/\/sportlife-lohfelden.com\/index.php?rest_route=%2Fwp%2Fv2%2Fcomments&post=81"}],"version-history":[{"count":6,"href":"https:\/\/sportlife-lohfelden.com\/index.php?rest_route=\/wp\/v2\/pages\/81\/revisions"}],"predecessor-version":[{"id":416,"href":"https:\/\/sportlife-lohfelden.com\/index.php?rest_route=\/wp\/v2\/pages\/81\/revisions\/416"}],"wp:attachment":[{"href":"https:\/\/sportlife-lohfelden.com\/index.php?rest_route=%2Fwp%2Fv2%2Fmedia&parent=81"}],"curies":[{"name":"wp","href":"https:\/\/api.w.org\/{rel}","templated":true}]}}