{"id":69,"date":"2021-08-16T10:05:32","date_gmt":"2021-08-16T10:05:32","guid":{"rendered":"https:\/\/sportlife-lohfelden.com\/?page_id=69"},"modified":"2022-02-06T12:13:46","modified_gmt":"2022-02-06T12:13:46","slug":"uli","status":"publish","type":"page","link":"https:\/\/sportlife-lohfelden.com\/?page_id=69","title":{"rendered":"Ulrike"},"content":{"rendered":"<p><span style=\"font-size: 14pt;\"><strong><span style=\"font-family: tahoma, arial, helvetica, sans-serif;\">Therapeutin Ulrike Hundsdorf<\/span><\/strong><\/span><\/p>\n<p><img loading=\"lazy\" decoding=\"async\" class=\"alignnone size-large wp-image-276\" src=\"https:\/\/sportlife-lohfelden.com\/wp-content\/uploads\/2021\/12\/uli-1024x768.jpeg\" alt=\"\" width=\"1024\" height=\"768\" srcset=\"https:\/\/sportlife-lohfelden.com\/wp-content\/uploads\/2021\/12\/uli-1024x768.jpeg 1024w, https:\/\/sportlife-lohfelden.com\/wp-content\/uploads\/2021\/12\/uli-300x225.jpeg 300w, https:\/\/sportlife-lohfelden.com\/wp-content\/uploads\/2021\/12\/uli-768x576.jpeg 768w, https:\/\/sportlife-lohfelden.com\/wp-content\/uploads\/2021\/12\/uli-1536x1152.jpeg 1536w, https:\/\/sportlife-lohfelden.com\/wp-content\/uploads\/2021\/12\/uli-2048x1536.jpeg 2048w\" sizes=\"auto, (max-width: 1024px) 100vw, 1024px\" \/><\/p>\n<p><span style=\"font-family: tahoma, arial, helvetica, sans-serif;\">1981 &#8211; 1985\u00a0\u00a0 Ausbildung zur Masseurin und med. Bademeisterin in der Rohrbachschule in Kassel<\/span><\/p>\n<p><span style=\"font-family: tahoma, arial, helvetica, sans-serif;\">2000 \u2013 2002\u00a0 \u00a0Nachqualifizierung zur Physiotherapeutin in der Rohrbachschule in Kassel<\/span><\/p>\n<p><span style=\"font-family: tahoma, arial, helvetica, sans-serif;\">Geboren 20.06.1961 in Kassel<\/span><\/p>\n<p><span style=\"font-family: tahoma, arial, helvetica, sans-serif;\">Verheiratet mit Tilo Hundsdorf, eine Tochter (Svea) und einen Sohn (Josh)<\/span><\/p>\n<p><span style=\"font-family: tahoma, arial, helvetica, sans-serif;\"><u>Fortbildungen<\/u>:<\/span><\/p>\n<ul>\n<li><span style=\"font-family: tahoma, arial, helvetica, sans-serif;\">Manuelle Lymphdrainage<\/span><\/li>\n<li><span style=\"font-family: tahoma, arial, helvetica, sans-serif;\">N.F. (Propriozeptive &#8211; neuromuskul\u00e4re &#8211; Facilitation)<\/span><\/li>\n<li><span style=\"font-family: tahoma, arial, helvetica, sans-serif;\">Wirbels\u00e4ulen- und Gelenktherapie nach Dorn und Breu\u00df<\/span><\/li>\n<li><span style=\"font-family: tahoma, arial, helvetica, sans-serif;\">Kinesiologietaping<\/span><\/li>\n<li><span style=\"font-family: tahoma, arial, helvetica, sans-serif;\">Kryotherapie<\/span><\/li>\n<li><span style=\"font-family: tahoma, arial, helvetica, sans-serif;\">Strain- and Counterstrain (Behandlung von Tenderpoints)<\/span><\/li>\n<\/ul>\n<p><span style=\"font-family: tahoma, arial, helvetica, sans-serif;\"><u>Hobbys:<\/u><\/span><\/p>\n<p><span style=\"font-family: tahoma, arial, helvetica, sans-serif;\">Radfahren<\/span><\/p>\n<p><span style=\"font-family: tahoma, arial, helvetica, sans-serif;\">SUP Fahren<\/span><\/p>\n<p><span style=\"font-family: tahoma, arial, helvetica, sans-serif;\">Lesen<\/span><\/p>\n<p><span style=\"font-family: tahoma, arial, helvetica, sans-serif;\">Kino<\/span><\/p>\n<p>&nbsp;<\/p>\n<p><span style=\"text-decoration: underline;\"><strong><span style=\"font-family: tahoma, arial, helvetica, sans-serif;\">P.N.F.<\/span><\/strong><\/span><\/p>\n<p><span style=\"font-family: tahoma, arial, helvetica, sans-serif;\">Ist eine Therapie bei der das Zusammenspiel von Nerven und Muskulatur wieder zu verbessern.<\/span><\/p>\n<p><span style=\"text-decoration: underline;\"><span style=\"font-family: tahoma, arial, helvetica, sans-serif;\"><strong>Strain and Counterstrain<\/strong><\/span><\/span><\/p>\n<p><span style=\"font-family: tahoma, arial, helvetica, sans-serif;\">Ist ein Behandlungssystem f\u00fcr somatische Dysfunktionen. <\/span><span style=\"font-family: tahoma, arial, helvetica, sans-serif;\">Es ist ein Konzept einer <strong>indirekten Behandlung <\/strong>und ist nicht auf Gewebeverletzung oder Gewebezerst\u00f6rung gerichtet. <\/span><span style=\"font-family: tahoma, arial, helvetica, sans-serif;\">Als Strain bezeichnet man die <strong>starke \u00dcberdehnung <\/strong>von Muskeln, B\u00e4ndern, Sehnen und Faszien. <\/span><span style=\"font-family: tahoma, arial, helvetica, sans-serif;\">Die Reaktion des K\u00f6rpers darauf ist meist der <strong>schnelle<\/strong> Versuch, in die <strong>Ausgangsposition<\/strong> <strong>zur\u00fcck<\/strong> zu gelangen. <\/span><span style=\"font-family: tahoma, arial, helvetica, sans-serif;\">Dies f\u00fchrt, durch <strong>Dehnungsreflexe<\/strong>, zu einer <strong>somatischen<\/strong> <strong>Dysfunktion<\/strong>, die Schmerzen ausl\u00f6st.<\/span><\/p>\n<p><span style=\"font-family: tahoma, arial, helvetica, sans-serif;\">Eine l\u00e4nger andauernde starke \u00dcberdehnung (Strain) f\u00fchrt nicht zu einer somatischen Dysfunktion, wenn die R\u00fcckkehrbewegung aus der Belastungsposition langsam und ohne Krafteinwirkung durchgef\u00fchrt wird! <\/span><span style=\"font-family: tahoma, arial, helvetica, sans-serif;\">Die Dysfunktionen zeigen sich durch palpable <strong>Tenderpoints. <\/strong><\/span><span style=\"font-family: tahoma, arial, helvetica, sans-serif;\">Diese dienen auch der Befundung und Behandlung.<\/span><\/p>\n<p><span style=\"font-family: tahoma, arial, helvetica, sans-serif;\">Die Behandlung erfolgt durch eine <strong>passive<\/strong> <strong>Positionierung<\/strong> des Patienten-K\u00f6rpers in eine angenehme schmerzfreie Position f\u00fcr einen Zeitraum von <strong>90<\/strong> <strong>Sek<\/strong>.<\/span><\/p>\n<p><span style=\"font-family: tahoma, arial, helvetica, sans-serif;\">Dadurch wird der Muskel soweit verk\u00fcrzt, dass die Fehlinformation nicht mehr gesendet wird.<\/span><\/p>\n","protected":false},"excerpt":{"rendered":"<p>Therapeutin Ulrike Hundsdorf 1981 &#8211; 1985\u00a0\u00a0 Ausbildung zur Masseurin und med. Bademeisterin in der Rohrbachschule in Kassel 2000 \u2013 2002\u00a0 \u00a0Nachqualifizierung zur Physiotherapeutin in der Rohrbachschule in Kassel Geboren 20.06.1961<\/p>\n<p><a href=\"https:\/\/sportlife-lohfelden.com\/?page_id=69\" class=\"more-link\">Continue Reading<span class=\"screen-reader-text\">Ulrike<\/span><\/a><\/p>\n","protected":false},"author":1,"featured_media":0,"parent":0,"menu_order":0,"comment_status":"closed","ping_status":"closed","template":"","meta":{"footnotes":""},"class_list":["post-69","page","type-page","status-publish","hentry"],"yoast_head":"<!-- This site is optimized with the Yoast SEO plugin v25.0 - https:\/\/yoast.com\/wordpress\/plugins\/seo\/ -->\n<title>Ulrike - Physiotherapie Lohfelden<\/title>\n<meta name=\"robots\" content=\"index, follow, max-snippet:-1, max-image-preview:large, max-video-preview:-1\" \/>\n<link rel=\"canonical\" href=\"https:\/\/sportlife-lohfelden.com\/?page_id=69\" \/>\n<meta property=\"og:locale\" content=\"de_DE\" \/>\n<meta property=\"og:type\" content=\"article\" \/>\n<meta property=\"og:title\" content=\"Ulrike - Physiotherapie Lohfelden\" \/>\n<meta property=\"og:description\" content=\"Therapeutin Ulrike Hundsdorf 1981 &#8211; 1985\u00a0\u00a0 Ausbildung zur Masseurin und med. Bademeisterin in der Rohrbachschule in Kassel 2000 \u2013 2002\u00a0 \u00a0Nachqualifizierung zur Physiotherapeutin in der Rohrbachschule in Kassel Geboren 20.06.1961Continue ReadingUlrike\" \/>\n<meta property=\"og:url\" content=\"https:\/\/sportlife-lohfelden.com\/?page_id=69\" \/>\n<meta property=\"og:site_name\" content=\"Physiotherapie Lohfelden\" \/>\n<meta property=\"article:publisher\" content=\"https:\/\/www.facebook.com\/profile.php?id=100057308717295\" \/>\n<meta property=\"article:modified_time\" content=\"2022-02-06T12:13:46+00:00\" \/>\n<meta property=\"og:image\" content=\"https:\/\/sportlife-lohfelden.com\/wp-content\/uploads\/2021\/12\/uli-1024x768.jpeg\" \/>\n<meta name=\"twitter:card\" content=\"summary_large_image\" \/>\n<meta name=\"twitter:label1\" content=\"Gesch\u00e4tzte Lesezeit\" \/>\n\t<meta name=\"twitter:data1\" content=\"1\u00a0Minute\" \/>\n<script type=\"application\/ld+json\" class=\"yoast-schema-graph\">{\"@context\":\"https:\/\/schema.org\",\"@graph\":[{\"@type\":\"WebPage\",\"@id\":\"https:\/\/sportlife-lohfelden.com\/?page_id=69\",\"url\":\"https:\/\/sportlife-lohfelden.com\/?page_id=69\",\"name\":\"Ulrike - Physiotherapie Lohfelden\",\"isPartOf\":{\"@id\":\"https:\/\/sportlife-lohfelden.com\/#website\"},\"primaryImageOfPage\":{\"@id\":\"https:\/\/sportlife-lohfelden.com\/?page_id=69#primaryimage\"},\"image\":{\"@id\":\"https:\/\/sportlife-lohfelden.com\/?page_id=69#primaryimage\"},\"thumbnailUrl\":\"https:\/\/sportlife-lohfelden.com\/wp-content\/uploads\/2021\/12\/uli-1024x768.jpeg\",\"datePublished\":\"2021-08-16T10:05:32+00:00\",\"dateModified\":\"2022-02-06T12:13:46+00:00\",\"breadcrumb\":{\"@id\":\"https:\/\/sportlife-lohfelden.com\/?page_id=69#breadcrumb\"},\"inLanguage\":\"de\",\"potentialAction\":[{\"@type\":\"ReadAction\",\"target\":[\"https:\/\/sportlife-lohfelden.com\/?page_id=69\"]}]},{\"@type\":\"ImageObject\",\"inLanguage\":\"de\",\"@id\":\"https:\/\/sportlife-lohfelden.com\/?page_id=69#primaryimage\",\"url\":\"https:\/\/sportlife-lohfelden.com\/wp-content\/uploads\/2021\/12\/uli-1024x768.jpeg\",\"contentUrl\":\"https:\/\/sportlife-lohfelden.com\/wp-content\/uploads\/2021\/12\/uli-1024x768.jpeg\"},{\"@type\":\"BreadcrumbList\",\"@id\":\"https:\/\/sportlife-lohfelden.com\/?page_id=69#breadcrumb\",\"itemListElement\":[{\"@type\":\"ListItem\",\"position\":1,\"name\":\"Startseite\",\"item\":\"https:\/\/sportlife-lohfelden.com\/\"},{\"@type\":\"ListItem\",\"position\":2,\"name\":\"Ulrike\"}]},{\"@type\":\"WebSite\",\"@id\":\"https:\/\/sportlife-lohfelden.com\/#website\",\"url\":\"https:\/\/sportlife-lohfelden.com\/\",\"name\":\"Physiotherapie Lohfelden\",\"description\":\"\",\"potentialAction\":[{\"@type\":\"SearchAction\",\"target\":{\"@type\":\"EntryPoint\",\"urlTemplate\":\"https:\/\/sportlife-lohfelden.com\/?s={search_term_string}\"},\"query-input\":{\"@type\":\"PropertyValueSpecification\",\"valueRequired\":true,\"valueName\":\"search_term_string\"}}],\"inLanguage\":\"de\"}]}<\/script>\n<!-- \/ Yoast SEO plugin. -->","yoast_head_json":{"title":"Ulrike - Physiotherapie Lohfelden","robots":{"index":"index","follow":"follow","max-snippet":"max-snippet:-1","max-image-preview":"max-image-preview:large","max-video-preview":"max-video-preview:-1"},"canonical":"https:\/\/sportlife-lohfelden.com\/?page_id=69","og_locale":"de_DE","og_type":"article","og_title":"Ulrike - Physiotherapie Lohfelden","og_description":"Therapeutin Ulrike Hundsdorf 1981 &#8211; 1985\u00a0\u00a0 Ausbildung zur Masseurin und med. Bademeisterin in der Rohrbachschule in Kassel 2000 \u2013 2002\u00a0 \u00a0Nachqualifizierung zur Physiotherapeutin in der Rohrbachschule in Kassel Geboren 20.06.1961Continue ReadingUlrike","og_url":"https:\/\/sportlife-lohfelden.com\/?page_id=69","og_site_name":"Physiotherapie Lohfelden","article_publisher":"https:\/\/www.facebook.com\/profile.php?id=100057308717295","article_modified_time":"2022-02-06T12:13:46+00:00","og_image":[{"url":"https:\/\/sportlife-lohfelden.com\/wp-content\/uploads\/2021\/12\/uli-1024x768.jpeg","type":"","width":"","height":""}],"twitter_card":"summary_large_image","twitter_misc":{"Gesch\u00e4tzte Lesezeit":"1\u00a0Minute"},"schema":{"@context":"https:\/\/schema.org","@graph":[{"@type":"WebPage","@id":"https:\/\/sportlife-lohfelden.com\/?page_id=69","url":"https:\/\/sportlife-lohfelden.com\/?page_id=69","name":"Ulrike - Physiotherapie Lohfelden","isPartOf":{"@id":"https:\/\/sportlife-lohfelden.com\/#website"},"primaryImageOfPage":{"@id":"https:\/\/sportlife-lohfelden.com\/?page_id=69#primaryimage"},"image":{"@id":"https:\/\/sportlife-lohfelden.com\/?page_id=69#primaryimage"},"thumbnailUrl":"https:\/\/sportlife-lohfelden.com\/wp-content\/uploads\/2021\/12\/uli-1024x768.jpeg","datePublished":"2021-08-16T10:05:32+00:00","dateModified":"2022-02-06T12:13:46+00:00","breadcrumb":{"@id":"https:\/\/sportlife-lohfelden.com\/?page_id=69#breadcrumb"},"inLanguage":"de","potentialAction":[{"@type":"ReadAction","target":["https:\/\/sportlife-lohfelden.com\/?page_id=69"]}]},{"@type":"ImageObject","inLanguage":"de","@id":"https:\/\/sportlife-lohfelden.com\/?page_id=69#primaryimage","url":"https:\/\/sportlife-lohfelden.com\/wp-content\/uploads\/2021\/12\/uli-1024x768.jpeg","contentUrl":"https:\/\/sportlife-lohfelden.com\/wp-content\/uploads\/2021\/12\/uli-1024x768.jpeg"},{"@type":"BreadcrumbList","@id":"https:\/\/sportlife-lohfelden.com\/?page_id=69#breadcrumb","itemListElement":[{"@type":"ListItem","position":1,"name":"Startseite","item":"https:\/\/sportlife-lohfelden.com\/"},{"@type":"ListItem","position":2,"name":"Ulrike"}]},{"@type":"WebSite","@id":"https:\/\/sportlife-lohfelden.com\/#website","url":"https:\/\/sportlife-lohfelden.com\/","name":"Physiotherapie Lohfelden","description":"","potentialAction":[{"@type":"SearchAction","target":{"@type":"EntryPoint","urlTemplate":"https:\/\/sportlife-lohfelden.com\/?s={search_term_string}"},"query-input":{"@type":"PropertyValueSpecification","valueRequired":true,"valueName":"search_term_string"}}],"inLanguage":"de"}]}},"_links":{"self":[{"href":"https:\/\/sportlife-lohfelden.com\/index.php?rest_route=\/wp\/v2\/pages\/69","targetHints":{"allow":["GET"]}}],"collection":[{"href":"https:\/\/sportlife-lohfelden.com\/index.php?rest_route=\/wp\/v2\/pages"}],"about":[{"href":"https:\/\/sportlife-lohfelden.com\/index.php?rest_route=\/wp\/v2\/types\/page"}],"author":[{"embeddable":true,"href":"https:\/\/sportlife-lohfelden.com\/index.php?rest_route=\/wp\/v2\/users\/1"}],"replies":[{"embeddable":true,"href":"https:\/\/sportlife-lohfelden.com\/index.php?rest_route=%2Fwp%2Fv2%2Fcomments&post=69"}],"version-history":[{"count":11,"href":"https:\/\/sportlife-lohfelden.com\/index.php?rest_route=\/wp\/v2\/pages\/69\/revisions"}],"predecessor-version":[{"id":429,"href":"https:\/\/sportlife-lohfelden.com\/index.php?rest_route=\/wp\/v2\/pages\/69\/revisions\/429"}],"wp:attachment":[{"href":"https:\/\/sportlife-lohfelden.com\/index.php?rest_route=%2Fwp%2Fv2%2Fmedia&parent=69"}],"curies":[{"name":"wp","href":"https:\/\/api.w.org\/{rel}","templated":true}]}}