{"id":44,"date":"2018-10-25T13:33:33","date_gmt":"2018-10-25T13:33:33","guid":{"rendered":"http:\/\/gitarrenkontor.com\/?page_id=44"},"modified":"2021-12-17T16:29:42","modified_gmt":"2021-12-17T16:29:42","slug":"impressum-2","status":"publish","type":"page","link":"https:\/\/sportlife-lohfelden.com\/?page_id=44","title":{"rendered":"Impressum"},"content":{"rendered":"<p style=\"text-align: justify;\"><span style=\"font-family: tahoma, arial, helvetica, sans-serif; font-size: 14pt;\"><strong>Impressum<\/strong><\/span><\/p>\n<p><span style=\"font-family: tahoma, arial, helvetica, sans-serif; font-size: 12pt;\">Angaben gem\u00e4\u00df \u00a7 5 TMG<\/span><\/p>\n<p><span style=\"font-family: tahoma, arial, helvetica, sans-serif; font-size: 12pt;\">Sportlife Lohfelden<\/span><br \/>\n<span style=\"font-family: tahoma, arial, helvetica, sans-serif; font-size: 12pt;\">Kasseler Stra\u00dfe 1A<\/span><br \/>\n<span style=\"font-family: tahoma, arial, helvetica, sans-serif; font-size: 12pt;\">34253 Lohfelden <\/span><br \/>\n<span style=\"font-family: tahoma, arial, helvetica, sans-serif; font-size: 12pt;\">Deutschland<\/span><\/p>\n<p><span style=\"font-family: tahoma, arial, helvetica, sans-serif; font-size: 12pt;\"><strong>Vertreten durch:<\/strong> <\/span><br \/>\n<span style=\"font-family: tahoma, arial, helvetica, sans-serif; font-size: 12pt;\">Steven Schneider (Inhaber)<\/span><br \/>\n<span style=\"font-family: tahoma, arial, helvetica, sans-serif; font-size: 12pt;\">Einzelfirma<\/span><\/p>\n<p><span style=\"font-family: tahoma, arial, helvetica, sans-serif; font-size: 12pt;\"><strong>Kontakt:<\/strong> <\/span><br \/>\n<span style=\"font-family: tahoma, arial, helvetica, sans-serif; font-size: 12pt;\">Telefon: 05608-9579875<\/span><br \/>\n<span style=\"font-family: tahoma, arial, helvetica, sans-serif; font-size: 12pt;\">E-Mail: <a href=\"mailto:praxis@sportlife-lohfelden.com\">praxis@sportlife-lohfelden.com<\/a><\/span><br \/>\n<span style=\"font-family: tahoma, arial, helvetica, sans-serif; font-size: 12pt;\">URL: <a href=\"http:\/\/www.sportlife-lohfelden.com\">www.sportlife-lohfelden.com<\/a><\/span><\/p>\n<p><span style=\"font-family: tahoma, arial, helvetica, sans-serif; font-size: 12pt;\"><strong>Berufsbezeichnung:<\/strong> <\/span><br \/>\n<span style=\"font-family: tahoma, arial, helvetica, sans-serif; font-size: 12pt;\">Die Erlaubnis zur F\u00fchrung der Berufsbezeichnung \u201ePhysiotherapeut&#8220; wurde in Deutschland erteilt<\/span><\/p>\n<p><span style=\"font-family: tahoma, arial, helvetica, sans-serif; font-size: 12pt;\"><strong>Berufsrechtliche Regelungen:<\/strong> <\/span><br \/>\n<span style=\"font-size: 12pt; font-family: tahoma, arial, helvetica, sans-serif;\">Gesetz f\u00fcr Krankengymnasten, Physiotherapeuten und Masseure<\/span><\/p>\n<p><span style=\"font-family: tahoma, arial, helvetica, sans-serif; font-size: 12pt;\"><strong>Berufsverband:<\/strong> <\/span><br \/>\n<span style=\"font-size: 12pt; font-family: tahoma, arial, helvetica, sans-serif;\">ZVK e.V (Zentralverband der Physiotherapeuten\/Krankengymnasten)<\/span><\/p>\n<p><span style=\"font-family: tahoma, arial, helvetica, sans-serif; font-size: 12pt;\"><strong>Steuernummer:<\/strong><\/span><br \/>\n<span style=\"font-family: tahoma, arial, helvetica, sans-serif; font-size: 12pt;\">026 867 00158<\/span><\/p>\n<p><span style=\"font-family: tahoma, arial, helvetica, sans-serif; font-size: 12pt;\"><strong>Bankverbindung:<\/strong><\/span><br \/>\n<span style=\"font-family: tahoma, arial, helvetica, sans-serif; font-size: 12pt;\">Deutsche Bank<\/span><br \/>\n<span style=\"font-family: tahoma, arial, helvetica, sans-serif; font-size: 12pt;\">IBAN: DE16 5207 0024 0039 4288 05<\/span><br \/>\n<span style=\"font-family: tahoma, arial, helvetica, sans-serif; font-size: 12pt;\">BIC+SWIFT: DEUTDEDB520<\/span><br \/>\n<span style=\"font-family: tahoma, arial, helvetica, sans-serif; font-size: 12pt;\">Kontoinhaber: Steven Schneider<\/span><\/p>\n<p><span style=\"font-family: tahoma, arial, helvetica, sans-serif; font-size: 12pt;\"><strong>Streitschlichtung:<\/strong><\/span><br \/>\n<span style=\"font-family: tahoma, arial, helvetica, sans-serif; font-size: 12pt;\">Die Europ\u00e4ische Kommission stellt eine Plattform zur Online-Streitbeilegung (OS) bereit: <a href=\"https:\/\/ec.europa.eu\/consumers\/odr\">https:\/\/ec.europa.eu\/consumers\/odr<\/a><\/span><br \/>\n<span style=\"font-family: tahoma, arial, helvetica, sans-serif; font-size: 12pt;\">Unsere E-Mail-Adresse finden Sie oben im Impressum. Wir sind nicht bereit oder verpflichtet, an Streitbeilegungsverfahren vor einer<\/span><br \/>\n<span style=\"font-family: tahoma, arial, helvetica, sans-serif; font-size: 12pt;\">Verbraucherschlichtungsstelle teilzunehmen.<\/span><\/p>\n<p><span style=\"font-family: tahoma, arial, helvetica, sans-serif; font-size: 12pt;\"><strong>Haftungsausschluss:<\/strong><\/span><\/p>\n<p><span style=\"color: #808080; font-family: tahoma, arial, helvetica, sans-serif; font-size: 12pt;\"><strong>Haftung f\u00fcr Inhalte<\/strong><\/span><\/p>\n<p style=\"text-align: justify;\"><span style=\"font-family: tahoma, arial, helvetica, sans-serif; font-size: 12pt;\">Die Inhalte unserer Seiten wurden mit gr\u00f6\u00dfter Sorgfalt erstellt. F\u00fcr die Richtigkeit, Vollst\u00e4ndigkeit und Aktualit\u00e4t der Inhalte k\u00f6nnen wir jedoch keine Gew\u00e4hr \u00fcbernehmen. Als Diensteanbieter sind wir gem\u00e4\u00df \u00a7 7 Abs.1 TMG f\u00fcr eigene Inhalte auf diesen Seiten nach den allgemeinen Gesetzen verantwortlich. Nach \u00a7\u00a7 8 bis 10 TMG sind wir als Diensteanbieter jedoch nicht verpflichtet, \u00fcbermittelte oder gespeicherte fremde Informationen zu \u00fcberwachen oder nach Umst\u00e4nden zu forschen, die auf eine rechtswidrige T\u00e4tigkeit hinweisen. Verpflichtungen zur Entfernung oder Sperrung der Nutzung von Informationen nach den allgemeinen Gesetzen bleiben hiervon unber\u00fchrt. Eine diesbez\u00fcgliche Haftung ist jedoch erst ab dem Zeitpunkt der Kenntnis einer konkreten Rechtsverletzung m\u00f6glich. Bei Bekanntwerden von entsprechenden Rechtsverletzungen werden wir diese Inhalte umgehend entfernen.<\/span><\/p>\n<p><span style=\"color: #808080; font-family: tahoma, arial, helvetica, sans-serif; font-size: 12pt;\"><strong>Haftung f\u00fcr Links<\/strong><\/span><\/p>\n<p style=\"text-align: justify;\"><span style=\"font-family: tahoma, arial, helvetica, sans-serif; font-size: 12pt;\">Unser Angebot enth\u00e4lt Links zu externen Webseiten Dritter, auf deren Inhalte wir keinen Einfluss haben. Deshalb k\u00f6nnen wir f\u00fcr diese fremden Inhalte auch keine Gew\u00e4hr \u00fcbernehmen. F\u00fcr die Inhalte der verlinkten Seiten ist stets der jeweilige Anbieter oder Betreiber der Seiten verantwortlich. Die verlinkten Seiten wurden zum Zeitpunkt der Verlinkung auf m\u00f6gliche Rechtsverst\u00f6\u00dfe \u00fcberpr\u00fcft. Rechtswidrige Inhalte waren zum Zeitpunkt der Verlinkung nicht erkennbar. Eine permanente inhaltliche Kontrolle der verlinkten Seiten ist jedoch ohne konkrete Anhaltspunkte einer Rechtsverletzung nicht zumutbar. Bei Bekanntwerden von Rechtsverletzungen werden wir derartige Links umgehend entfernen.<\/span><\/p>\n<p><span style=\"color: #808080; font-family: tahoma, arial, helvetica, sans-serif; font-size: 12pt;\"><strong>Urheberrecht<\/strong><\/span><\/p>\n<p><span style=\"font-family: tahoma, arial, helvetica, sans-serif; font-size: 12pt;\">Die durch die Seitenbetreiber erstellten Inhalte und Werke auf diesen Seiten unterliegen dem deutschen Urheberrecht. Die Vervielf\u00e4ltigung, Bearbeitung, Verbreitung und jede Art der Verwertung au\u00dferhalb der Grenzen des Urheberrechtes bed\u00fcrfen der schriftlichen Zustimmung des jeweiligen Autors bzw. Erstellers. Downloads und Kopien dieser Seite sind nur f\u00fcr den privaten, nicht kommerziellen Gebrauch gestattet. Soweit die Inhalte auf dieser Seite nicht vom Betreiber erstellt wurden, werden die Urheberrechte Dritter beachtet. Insbesondere werden Inhalte Dritter als solche gekennzeichnet. Sollten Sie trotzdem auf eine Urheberrechtsverletzung aufmerksam werden, bitten wir um einen entsprechenden Hinweis. Bei Bekanntwerden von Rechtsverletzungen werden wir derartige Inhalte umgehend entfernen.<\/span><\/p>\n<p><span style=\"color: #808080; font-family: tahoma, arial, helvetica, sans-serif; font-size: 12pt;\"><strong>Datenschutz<\/strong><\/span><\/p>\n<p style=\"text-align: justify;\"><span style=\"font-family: tahoma, arial, helvetica, sans-serif; font-size: 12pt;\">Die Nutzung unserer Webseite ist in der Regel ohne Angabe personenbezogener Daten m\u00f6glich. Soweit auf unseren Seiten personenbezogene Daten (beispielsweise Name, Anschrift oder eMail-Adressen) erhoben werden, erfolgt dies, soweit m\u00f6glich, stets auf freiwilliger Basis. Diese Daten werden ohne Ihre ausdr\u00fcckliche Zustimmung nicht an Dritte weitergegeben. <\/span><br \/>\n<span style=\"font-family: tahoma, arial, helvetica, sans-serif; font-size: 12pt;\">Wir weisen darauf hin, dass die Daten\u00fcbertragung im Internet (z.B. bei der Kommunikation per E-Mail) Sicherheitsl\u00fccken aufweisen kann. Ein l\u00fcckenloser Schutz der Daten vor dem Zugriff durch Dritte ist nicht m\u00f6glich. <\/span><br \/>\n<span style=\"font-family: tahoma, arial, helvetica, sans-serif; font-size: 12pt;\">Der Nutzung von im Rahmen der Impressumspflicht ver\u00f6ffentlichten Kontaktdaten durch Dritte zur \u00dcbersendung von nicht ausdr\u00fccklich angeforderter Werbung und Informationsmaterialien wird hiermit ausdr\u00fccklich widersprochen. Die Betreiber der Seiten behalten sich ausdr\u00fccklich rechtliche Schritte im Falle der unverlangten Zusendung von Werbeinformationen, etwa durch Spam-Mails, vor.<\/span><\/p>\n","protected":false},"excerpt":{"rendered":"<p>Impressum Angaben gem\u00e4\u00df \u00a7 5 TMG Sportlife Lohfelden Kasseler Stra\u00dfe 1A 34253 Lohfelden Deutschland Vertreten durch: Steven Schneider (Inhaber) Einzelfirma Kontakt: Telefon: 05608-9579875 E-Mail: praxis@sportlife-lohfelden.com URL: www.sportlife-lohfelden.com Berufsbezeichnung: Die Erlaubnis<\/p>\n<p><a href=\"https:\/\/sportlife-lohfelden.com\/?page_id=44\" class=\"more-link\">Continue Reading<span class=\"screen-reader-text\">Impressum<\/span><\/a><\/p>\n","protected":false},"author":1,"featured_media":0,"parent":0,"menu_order":4,"comment_status":"closed","ping_status":"closed","template":"","meta":{"footnotes":""},"class_list":["post-44","page","type-page","status-publish","hentry"],"yoast_head":"<!-- This site is optimized with the Yoast SEO plugin v25.0 - https:\/\/yoast.com\/wordpress\/plugins\/seo\/ -->\n<title>Impressum - Physiotherapie Lohfelden<\/title>\n<meta name=\"robots\" content=\"noindex, nofollow\" \/>\n<meta property=\"og:locale\" content=\"de_DE\" \/>\n<meta property=\"og:type\" content=\"article\" \/>\n<meta property=\"og:title\" content=\"Impressum - Physiotherapie Lohfelden\" \/>\n<meta property=\"og:description\" content=\"Impressum Angaben gem\u00e4\u00df \u00a7 5 TMG Sportlife Lohfelden Kasseler Stra\u00dfe 1A 34253 Lohfelden Deutschland Vertreten durch: Steven Schneider (Inhaber) Einzelfirma Kontakt: Telefon: 05608-9579875 E-Mail: praxis@sportlife-lohfelden.com URL: www.sportlife-lohfelden.com Berufsbezeichnung: Die ErlaubnisContinue ReadingImpressum\" \/>\n<meta property=\"og:url\" content=\"https:\/\/sportlife-lohfelden.com\/?page_id=44\" \/>\n<meta property=\"og:site_name\" content=\"Physiotherapie Lohfelden\" \/>\n<meta property=\"article:publisher\" content=\"https:\/\/www.facebook.com\/profile.php?id=100057308717295\" \/>\n<meta property=\"article:modified_time\" content=\"2021-12-17T16:29:42+00:00\" \/>\n<meta property=\"og:image\" content=\"https:\/\/sportlife-lohfelden.com\/wp-content\/uploads\/2020\/08\/cropped-logo.jpg\" \/>\n\t<meta property=\"og:image:width\" content=\"512\" \/>\n\t<meta property=\"og:image:height\" content=\"512\" \/>\n\t<meta property=\"og:image:type\" content=\"image\/jpeg\" \/>\n<meta name=\"twitter:card\" content=\"summary_large_image\" \/>\n<meta name=\"twitter:label1\" content=\"Gesch\u00e4tzte Lesezeit\" \/>\n\t<meta name=\"twitter:data1\" content=\"3\u00a0Minuten\" \/>\n<script type=\"application\/ld+json\" class=\"yoast-schema-graph\">{\"@context\":\"https:\/\/schema.org\",\"@graph\":[{\"@type\":\"WebPage\",\"@id\":\"https:\/\/sportlife-lohfelden.com\/?page_id=44\",\"url\":\"https:\/\/sportlife-lohfelden.com\/?page_id=44\",\"name\":\"Impressum - Physiotherapie Lohfelden\",\"isPartOf\":{\"@id\":\"https:\/\/sportlife-lohfelden.com\/#website\"},\"datePublished\":\"2018-10-25T13:33:33+00:00\",\"dateModified\":\"2021-12-17T16:29:42+00:00\",\"breadcrumb\":{\"@id\":\"https:\/\/sportlife-lohfelden.com\/?page_id=44#breadcrumb\"},\"inLanguage\":\"de\",\"potentialAction\":[{\"@type\":\"ReadAction\",\"target\":[\"https:\/\/sportlife-lohfelden.com\/?page_id=44\"]}]},{\"@type\":\"BreadcrumbList\",\"@id\":\"https:\/\/sportlife-lohfelden.com\/?page_id=44#breadcrumb\",\"itemListElement\":[{\"@type\":\"ListItem\",\"position\":1,\"name\":\"Startseite\",\"item\":\"https:\/\/sportlife-lohfelden.com\/\"},{\"@type\":\"ListItem\",\"position\":2,\"name\":\"Impressum\"}]},{\"@type\":\"WebSite\",\"@id\":\"https:\/\/sportlife-lohfelden.com\/#website\",\"url\":\"https:\/\/sportlife-lohfelden.com\/\",\"name\":\"Physiotherapie Lohfelden\",\"description\":\"\",\"potentialAction\":[{\"@type\":\"SearchAction\",\"target\":{\"@type\":\"EntryPoint\",\"urlTemplate\":\"https:\/\/sportlife-lohfelden.com\/?s={search_term_string}\"},\"query-input\":{\"@type\":\"PropertyValueSpecification\",\"valueRequired\":true,\"valueName\":\"search_term_string\"}}],\"inLanguage\":\"de\"}]}<\/script>\n<!-- \/ Yoast SEO plugin. -->","yoast_head_json":{"title":"Impressum - Physiotherapie Lohfelden","robots":{"index":"noindex","follow":"nofollow"},"og_locale":"de_DE","og_type":"article","og_title":"Impressum - Physiotherapie Lohfelden","og_description":"Impressum Angaben gem\u00e4\u00df \u00a7 5 TMG Sportlife Lohfelden Kasseler Stra\u00dfe 1A 34253 Lohfelden Deutschland Vertreten durch: Steven Schneider (Inhaber) Einzelfirma Kontakt: Telefon: 05608-9579875 E-Mail: praxis@sportlife-lohfelden.com URL: www.sportlife-lohfelden.com Berufsbezeichnung: Die ErlaubnisContinue ReadingImpressum","og_url":"https:\/\/sportlife-lohfelden.com\/?page_id=44","og_site_name":"Physiotherapie Lohfelden","article_publisher":"https:\/\/www.facebook.com\/profile.php?id=100057308717295","article_modified_time":"2021-12-17T16:29:42+00:00","og_image":[{"width":512,"height":512,"url":"https:\/\/sportlife-lohfelden.com\/wp-content\/uploads\/2020\/08\/cropped-logo.jpg","type":"image\/jpeg"}],"twitter_card":"summary_large_image","twitter_misc":{"Gesch\u00e4tzte Lesezeit":"3\u00a0Minuten"},"schema":{"@context":"https:\/\/schema.org","@graph":[{"@type":"WebPage","@id":"https:\/\/sportlife-lohfelden.com\/?page_id=44","url":"https:\/\/sportlife-lohfelden.com\/?page_id=44","name":"Impressum - Physiotherapie Lohfelden","isPartOf":{"@id":"https:\/\/sportlife-lohfelden.com\/#website"},"datePublished":"2018-10-25T13:33:33+00:00","dateModified":"2021-12-17T16:29:42+00:00","breadcrumb":{"@id":"https:\/\/sportlife-lohfelden.com\/?page_id=44#breadcrumb"},"inLanguage":"de","potentialAction":[{"@type":"ReadAction","target":["https:\/\/sportlife-lohfelden.com\/?page_id=44"]}]},{"@type":"BreadcrumbList","@id":"https:\/\/sportlife-lohfelden.com\/?page_id=44#breadcrumb","itemListElement":[{"@type":"ListItem","position":1,"name":"Startseite","item":"https:\/\/sportlife-lohfelden.com\/"},{"@type":"ListItem","position":2,"name":"Impressum"}]},{"@type":"WebSite","@id":"https:\/\/sportlife-lohfelden.com\/#website","url":"https:\/\/sportlife-lohfelden.com\/","name":"Physiotherapie Lohfelden","description":"","potentialAction":[{"@type":"SearchAction","target":{"@type":"EntryPoint","urlTemplate":"https:\/\/sportlife-lohfelden.com\/?s={search_term_string}"},"query-input":{"@type":"PropertyValueSpecification","valueRequired":true,"valueName":"search_term_string"}}],"inLanguage":"de"}]}},"_links":{"self":[{"href":"https:\/\/sportlife-lohfelden.com\/index.php?rest_route=\/wp\/v2\/pages\/44","targetHints":{"allow":["GET"]}}],"collection":[{"href":"https:\/\/sportlife-lohfelden.com\/index.php?rest_route=\/wp\/v2\/pages"}],"about":[{"href":"https:\/\/sportlife-lohfelden.com\/index.php?rest_route=\/wp\/v2\/types\/page"}],"author":[{"embeddable":true,"href":"https:\/\/sportlife-lohfelden.com\/index.php?rest_route=\/wp\/v2\/users\/1"}],"replies":[{"embeddable":true,"href":"https:\/\/sportlife-lohfelden.com\/index.php?rest_route=%2Fwp%2Fv2%2Fcomments&post=44"}],"version-history":[{"count":13,"href":"https:\/\/sportlife-lohfelden.com\/index.php?rest_route=\/wp\/v2\/pages\/44\/revisions"}],"predecessor-version":[{"id":340,"href":"https:\/\/sportlife-lohfelden.com\/index.php?rest_route=\/wp\/v2\/pages\/44\/revisions\/340"}],"wp:attachment":[{"href":"https:\/\/sportlife-lohfelden.com\/index.php?rest_route=%2Fwp%2Fv2%2Fmedia&parent=44"}],"curies":[{"name":"wp","href":"https:\/\/api.w.org\/{rel}","templated":true}]}}