{"id":12,"date":"2020-08-24T09:22:52","date_gmt":"2020-08-24T09:22:52","guid":{"rendered":"https:\/\/sportlife-lohfelden.com\/?page_id=12"},"modified":"2022-02-10T07:54:00","modified_gmt":"2022-02-10T07:54:00","slug":"ein-startseiten-abschnitt","status":"publish","type":"page","link":"https:\/\/sportlife-lohfelden.com\/","title":{"rendered":"HOME"},"content":{"rendered":"<p><span style=\"font-family: tahoma, arial, helvetica, sans-serif; font-size: 14pt;\"><span style=\"font-family: tahoma, arial, helvetica, sans-serif;\"><span style=\"font-size: 14pt;\"><b>Herzlich willkommen bei SportLife Lohfelden &#8211; Ihre <\/b><\/span><span style=\"font-size: 18.6667px;\"><b>physiotherapeutische<\/b><\/span><span style=\"font-size: 14pt;\"><b>\u00a0Praxis in Lohfelden<\/b><\/span><\/span><\/span><\/p>\n<p><span style=\"font-size: 12pt; font-family: tahoma, arial, helvetica, sans-serif;\">Unsere Praxis bietet ein vielseitiges Therapieangebot , wobei unsere Schwerpunkte auf der Behandlung orthop\u00e4discher Patienten und auf der Sportphysiotherapie liegen. Uns ist es wichtig, die Schwachstelle des Patienten herauszufinden, indem wir eine umfangreiche Anamnese machen. Mit einer Behandlung, die auf die manuellen Techniken aufbaut und durch Techniken der Sportosteopathie, visceralen Osteopathie, Dorn-Breu\u00df, Schmerztherapie und Chiropraktik erg\u00e4nzt wird, f\u00fchlen wir uns bestens vorbereitet um dir zu helfen. Zum Spektrum der Sportphysiotherapie geh\u00f6ren die Verbesserung der physischen Leistung (Athletik Training), die Nachbehandlung von Verletzungen, Ursachendiagnostik\/Verletzungsprophylaxe, Ern\u00e4hrungsberatung und Regenerationsma\u00dfnahmen. Unser Bestreben ist es, jedem Menschen helfen zu k\u00f6nnen und daf\u00fcr versuchen wir die Behandlungsma\u00dfnahmen immer auf dem neuesten Stand zu halten und bilden uns stetig fort. Da der Sport immer athletischer wird, braucht ein Sportler nahezu perfekte Rahmenbedingungen um seine optimale Leistung bringen zu k\u00f6nnen. H\u00e4ufige Verletzungen und ein st\u00e4ndig schwankendes Leistungsniveau sind in der Regel auf Schwachstellen\/Disbalancen im K\u00f6rper zur\u00fcck zu f\u00fchren. Eine Ursachendiagnostik kann helfen diese zu erkennen um dann daran zu arbeiten.<\/span><\/p>\n<p><img loading=\"lazy\" decoding=\"async\" class=\"size-full wp-image-333 aligncenter\" src=\"https:\/\/sportlife-lohfelden.com\/wp-content\/uploads\/2021\/12\/start.jpg\" alt=\"\" width=\"511\" height=\"766\" srcset=\"https:\/\/sportlife-lohfelden.com\/wp-content\/uploads\/2021\/12\/start.jpg 511w, https:\/\/sportlife-lohfelden.com\/wp-content\/uploads\/2021\/12\/start-200x300.jpg 200w\" sizes=\"auto, (max-width: 511px) 100vw, 511px\" \/><\/p>\n<p><span style=\"font-family: tahoma, arial, helvetica, sans-serif; font-size: 12pt;\">Die Praxis befindet sich im Geb\u00e4ude der ehemaligen Kasseler Sparkasse direkt in der Hauptstra\u00dfe von Lohfelden-Vollmarshausen, Parkpl\u00e4tze befinden sich unmittelbar vor der Praxis. Sie erreichen uns:<\/span><\/p>\n<p><span style=\"font-family: tahoma, arial, helvetica, sans-serif; font-size: 12pt;\">Montag: 8:15 &#8211; 18:30 Uhr<\/span><br \/>\n<span style=\"font-family: tahoma, arial, helvetica, sans-serif; font-size: 12pt;\">Dienstag: 8:15 &#8211; 16:30 Uhr<\/span><br \/>\n<span style=\"font-family: tahoma, arial, helvetica, sans-serif; font-size: 12pt;\">Mittwoch: 8:15 &#8211; 18:15 Uhr<\/span><br \/>\n<span style=\"font-family: tahoma, arial, helvetica, sans-serif; font-size: 12pt;\">Donnerstag: 8:15 &#8211; 16:30 Uhr<\/span><br \/>\n<span style=\"font-family: tahoma, arial, helvetica, sans-serif; font-size: 12pt;\">Freitag: 8:15 &#8211; 16:30 Uhr<\/span><\/p>\n<p><span style=\"font-family: tahoma, arial, helvetica, sans-serif; font-size: 12pt;\"><strong>SportLife<\/strong><\/span><br \/>\n<span style=\"font-family: tahoma, arial, helvetica, sans-serif; font-size: 12pt;\">Steven Schneider<\/span><br \/>\n<span style=\"font-family: tahoma, arial, helvetica, sans-serif; font-size: 12pt;\">Kasseler Stra\u00dfe 1a<\/span><br \/>\n<span style=\"font-family: tahoma, arial, helvetica, sans-serif; font-size: 12pt;\">34253 Lohfelden (Vollmarshausen)<\/span><br \/>\n<span style=\"font-family: tahoma, arial, helvetica, sans-serif; font-size: 12pt;\">05608 \u2013 9579875<\/span><br \/>\n<span style=\"font-family: tahoma, arial, helvetica, sans-serif; font-size: 12pt;\"><a href=\"mailto:praxis@sportlife-lohfelden.com\">praxis@sportlife-lohfelden.com<\/a><\/span><\/p>\n","protected":false},"excerpt":{"rendered":"<p>Herzlich willkommen bei SportLife Lohfelden &#8211; Ihre physiotherapeutische\u00a0Praxis in Lohfelden Unsere Praxis bietet ein vielseitiges Therapieangebot , wobei unsere Schwerpunkte auf der Behandlung orthop\u00e4discher Patienten und auf der Sportphysiotherapie liegen.<\/p>\n<p><a href=\"https:\/\/sportlife-lohfelden.com\/\" class=\"more-link\">Continue Reading<span class=\"screen-reader-text\">HOME<\/span><\/a><\/p>\n","protected":false},"author":1,"featured_media":29,"parent":0,"menu_order":0,"comment_status":"closed","ping_status":"closed","template":"","meta":{"footnotes":""},"class_list":["post-12","page","type-page","status-publish","has-post-thumbnail","hentry"],"yoast_head":"<!-- This site is optimized with the Yoast SEO plugin v25.0 - https:\/\/yoast.com\/wordpress\/plugins\/seo\/ -->\n<title>HOME - Physiotherapie Lohfelden<\/title>\n<meta name=\"robots\" content=\"index, follow, max-snippet:-1, max-image-preview:large, max-video-preview:-1\" \/>\n<link rel=\"canonical\" href=\"https:\/\/sportlife-lohfelden.com\/\" \/>\n<meta property=\"og:locale\" content=\"de_DE\" \/>\n<meta property=\"og:type\" content=\"article\" \/>\n<meta property=\"og:title\" content=\"HOME - Physiotherapie Lohfelden\" \/>\n<meta property=\"og:description\" content=\"Herzlich willkommen bei SportLife Lohfelden &#8211; Ihre physiotherapeutische\u00a0Praxis in Lohfelden Unsere Praxis bietet ein vielseitiges Therapieangebot , wobei unsere Schwerpunkte auf der Behandlung orthop\u00e4discher Patienten und auf der Sportphysiotherapie liegen.Continue ReadingHOME\" \/>\n<meta property=\"og:url\" content=\"https:\/\/sportlife-lohfelden.com\/\" \/>\n<meta property=\"og:site_name\" content=\"Physiotherapie Lohfelden\" \/>\n<meta property=\"article:publisher\" content=\"https:\/\/www.facebook.com\/profile.php?id=100057308717295\" \/>\n<meta property=\"article:modified_time\" content=\"2022-02-10T07:54:00+00:00\" \/>\n<meta property=\"og:image\" content=\"https:\/\/sportlife-lohfelden.com\/wp-content\/uploads\/2020\/08\/logo.jpg\" \/>\n\t<meta property=\"og:image:width\" content=\"966\" \/>\n\t<meta property=\"og:image:height\" content=\"784\" \/>\n\t<meta property=\"og:image:type\" content=\"image\/jpeg\" \/>\n<meta name=\"twitter:card\" content=\"summary_large_image\" \/>\n<meta name=\"twitter:label1\" content=\"Gesch\u00e4tzte Lesezeit\" \/>\n\t<meta name=\"twitter:data1\" content=\"2\u00a0Minuten\" \/>\n<script type=\"application\/ld+json\" class=\"yoast-schema-graph\">{\"@context\":\"https:\/\/schema.org\",\"@graph\":[{\"@type\":\"WebPage\",\"@id\":\"https:\/\/sportlife-lohfelden.com\/\",\"url\":\"https:\/\/sportlife-lohfelden.com\/\",\"name\":\"HOME - Physiotherapie Lohfelden\",\"isPartOf\":{\"@id\":\"https:\/\/sportlife-lohfelden.com\/#website\"},\"primaryImageOfPage\":{\"@id\":\"https:\/\/sportlife-lohfelden.com\/#primaryimage\"},\"image\":{\"@id\":\"https:\/\/sportlife-lohfelden.com\/#primaryimage\"},\"thumbnailUrl\":\"https:\/\/sportlife-lohfelden.com\/wp-content\/uploads\/2020\/08\/logo.jpg\",\"datePublished\":\"2020-08-24T09:22:52+00:00\",\"dateModified\":\"2022-02-10T07:54:00+00:00\",\"breadcrumb\":{\"@id\":\"https:\/\/sportlife-lohfelden.com\/#breadcrumb\"},\"inLanguage\":\"de\",\"potentialAction\":[{\"@type\":\"ReadAction\",\"target\":[\"https:\/\/sportlife-lohfelden.com\/\"]}]},{\"@type\":\"ImageObject\",\"inLanguage\":\"de\",\"@id\":\"https:\/\/sportlife-lohfelden.com\/#primaryimage\",\"url\":\"https:\/\/sportlife-lohfelden.com\/wp-content\/uploads\/2020\/08\/logo.jpg\",\"contentUrl\":\"https:\/\/sportlife-lohfelden.com\/wp-content\/uploads\/2020\/08\/logo.jpg\",\"width\":966,\"height\":784},{\"@type\":\"BreadcrumbList\",\"@id\":\"https:\/\/sportlife-lohfelden.com\/#breadcrumb\",\"itemListElement\":[{\"@type\":\"ListItem\",\"position\":1,\"name\":\"Startseite\",\"item\":\"https:\/\/sportlife-lohfelden.com\/\"},{\"@type\":\"ListItem\",\"position\":2,\"name\":\"HOME\"}]},{\"@type\":\"WebSite\",\"@id\":\"https:\/\/sportlife-lohfelden.com\/#website\",\"url\":\"https:\/\/sportlife-lohfelden.com\/\",\"name\":\"Physiotherapie Lohfelden\",\"description\":\"\",\"potentialAction\":[{\"@type\":\"SearchAction\",\"target\":{\"@type\":\"EntryPoint\",\"urlTemplate\":\"https:\/\/sportlife-lohfelden.com\/?s={search_term_string}\"},\"query-input\":{\"@type\":\"PropertyValueSpecification\",\"valueRequired\":true,\"valueName\":\"search_term_string\"}}],\"inLanguage\":\"de\"}]}<\/script>\n<!-- \/ Yoast SEO plugin. -->","yoast_head_json":{"title":"HOME - Physiotherapie Lohfelden","robots":{"index":"index","follow":"follow","max-snippet":"max-snippet:-1","max-image-preview":"max-image-preview:large","max-video-preview":"max-video-preview:-1"},"canonical":"https:\/\/sportlife-lohfelden.com\/","og_locale":"de_DE","og_type":"article","og_title":"HOME - Physiotherapie Lohfelden","og_description":"Herzlich willkommen bei SportLife Lohfelden &#8211; Ihre physiotherapeutische\u00a0Praxis in Lohfelden Unsere Praxis bietet ein vielseitiges Therapieangebot , wobei unsere Schwerpunkte auf der Behandlung orthop\u00e4discher Patienten und auf der Sportphysiotherapie liegen.Continue ReadingHOME","og_url":"https:\/\/sportlife-lohfelden.com\/","og_site_name":"Physiotherapie Lohfelden","article_publisher":"https:\/\/www.facebook.com\/profile.php?id=100057308717295","article_modified_time":"2022-02-10T07:54:00+00:00","og_image":[{"width":966,"height":784,"url":"https:\/\/sportlife-lohfelden.com\/wp-content\/uploads\/2020\/08\/logo.jpg","type":"image\/jpeg"}],"twitter_card":"summary_large_image","twitter_misc":{"Gesch\u00e4tzte Lesezeit":"2\u00a0Minuten"},"schema":{"@context":"https:\/\/schema.org","@graph":[{"@type":"WebPage","@id":"https:\/\/sportlife-lohfelden.com\/","url":"https:\/\/sportlife-lohfelden.com\/","name":"HOME - Physiotherapie Lohfelden","isPartOf":{"@id":"https:\/\/sportlife-lohfelden.com\/#website"},"primaryImageOfPage":{"@id":"https:\/\/sportlife-lohfelden.com\/#primaryimage"},"image":{"@id":"https:\/\/sportlife-lohfelden.com\/#primaryimage"},"thumbnailUrl":"https:\/\/sportlife-lohfelden.com\/wp-content\/uploads\/2020\/08\/logo.jpg","datePublished":"2020-08-24T09:22:52+00:00","dateModified":"2022-02-10T07:54:00+00:00","breadcrumb":{"@id":"https:\/\/sportlife-lohfelden.com\/#breadcrumb"},"inLanguage":"de","potentialAction":[{"@type":"ReadAction","target":["https:\/\/sportlife-lohfelden.com\/"]}]},{"@type":"ImageObject","inLanguage":"de","@id":"https:\/\/sportlife-lohfelden.com\/#primaryimage","url":"https:\/\/sportlife-lohfelden.com\/wp-content\/uploads\/2020\/08\/logo.jpg","contentUrl":"https:\/\/sportlife-lohfelden.com\/wp-content\/uploads\/2020\/08\/logo.jpg","width":966,"height":784},{"@type":"BreadcrumbList","@id":"https:\/\/sportlife-lohfelden.com\/#breadcrumb","itemListElement":[{"@type":"ListItem","position":1,"name":"Startseite","item":"https:\/\/sportlife-lohfelden.com\/"},{"@type":"ListItem","position":2,"name":"HOME"}]},{"@type":"WebSite","@id":"https:\/\/sportlife-lohfelden.com\/#website","url":"https:\/\/sportlife-lohfelden.com\/","name":"Physiotherapie Lohfelden","description":"","potentialAction":[{"@type":"SearchAction","target":{"@type":"EntryPoint","urlTemplate":"https:\/\/sportlife-lohfelden.com\/?s={search_term_string}"},"query-input":{"@type":"PropertyValueSpecification","valueRequired":true,"valueName":"search_term_string"}}],"inLanguage":"de"}]}},"_links":{"self":[{"href":"https:\/\/sportlife-lohfelden.com\/index.php?rest_route=\/wp\/v2\/pages\/12","targetHints":{"allow":["GET"]}}],"collection":[{"href":"https:\/\/sportlife-lohfelden.com\/index.php?rest_route=\/wp\/v2\/pages"}],"about":[{"href":"https:\/\/sportlife-lohfelden.com\/index.php?rest_route=\/wp\/v2\/types\/page"}],"author":[{"embeddable":true,"href":"https:\/\/sportlife-lohfelden.com\/index.php?rest_route=\/wp\/v2\/users\/1"}],"replies":[{"embeddable":true,"href":"https:\/\/sportlife-lohfelden.com\/index.php?rest_route=%2Fwp%2Fv2%2Fcomments&post=12"}],"version-history":[{"count":23,"href":"https:\/\/sportlife-lohfelden.com\/index.php?rest_route=\/wp\/v2\/pages\/12\/revisions"}],"predecessor-version":[{"id":431,"href":"https:\/\/sportlife-lohfelden.com\/index.php?rest_route=\/wp\/v2\/pages\/12\/revisions\/431"}],"wp:featuredmedia":[{"embeddable":true,"href":"https:\/\/sportlife-lohfelden.com\/index.php?rest_route=\/wp\/v2\/media\/29"}],"wp:attachment":[{"href":"https:\/\/sportlife-lohfelden.com\/index.php?rest_route=%2Fwp%2Fv2%2Fmedia&parent=12"}],"curies":[{"name":"wp","href":"https:\/\/api.w.org\/{rel}","templated":true}]}}